{"id":35,"date":"2022-03-18T11:05:02","date_gmt":"2022-03-18T10:05:02","guid":{"rendered":"https:\/\/beta.stade-poitevin-natation.fr\/?page_id=35"},"modified":"2022-05-06T12:26:07","modified_gmt":"2022-05-06T10:26:07","slug":"femmes-enceintes","status":"publish","type":"page","link":"https:\/\/stade-poitevin-natation.fr\/index.php\/activites\/femmes-enceintes\/","title":{"rendered":"Femmes Enceintes"},"content":{"rendered":"<div id=\"cs-content\" class=\"cs-content\"><\/div>\n","protected":false},"excerpt":{"rendered":"<p>L\u2019activit\u00e9 pour les futures mamans a d\u00e9marr\u00e9 en novembre 2006 sur la piscine de la Blaiserie. Les s\u00e9ances se d\u00e9roulent une fois par semaine, pour une dur\u00e9e allant d\u2019un mois \u00e0 2 trimestres en fonction du terme de grossesse. Marie-C\u00e9cile, BEESAN sp\u00e9cialiste \u00ab\u00a0femmes enceintes\u00a0\u00bb est responsable de l\u2019activit\u00e9.\u00a0elle dispense ses connaissances en mati\u00e8re d\u2019activit\u00e9 pr\u00e9natale et de relaxation pour les &#8230; <\/p>\n<div><a href=\"https:\/\/stade-poitevin-natation.fr\/index.php\/activites\/femmes-enceintes\/\" class=\"more-link\">Read More<\/a><\/div>\n","protected":false},"author":2,"featured_media":0,"parent":27,"menu_order":0,"comment_status":"closed","ping_status":"closed","template":"","meta":{"footnotes":""},"class_list":["post-35","page","type-page","status-publish","hentry","no-post-thumbnail"],"_links":{"self":[{"href":"https:\/\/stade-poitevin-natation.fr\/index.php\/wp-json\/wp\/v2\/pages\/35","targetHints":{"allow":["GET"]}}],"collection":[{"href":"https:\/\/stade-poitevin-natation.fr\/index.php\/wp-json\/wp\/v2\/pages"}],"about":[{"href":"https:\/\/stade-poitevin-natation.fr\/index.php\/wp-json\/wp\/v2\/types\/page"}],"author":[{"embeddable":true,"href":"https:\/\/stade-poitevin-natation.fr\/index.php\/wp-json\/wp\/v2\/users\/2"}],"replies":[{"embeddable":true,"href":"https:\/\/stade-poitevin-natation.fr\/index.php\/wp-json\/wp\/v2\/comments?post=35"}],"version-history":[{"count":3,"href":"https:\/\/stade-poitevin-natation.fr\/index.php\/wp-json\/wp\/v2\/pages\/35\/revisions"}],"predecessor-version":[{"id":428,"href":"https:\/\/stade-poitevin-natation.fr\/index.php\/wp-json\/wp\/v2\/pages\/35\/revisions\/428"}],"up":[{"embeddable":true,"href":"https:\/\/stade-poitevin-natation.fr\/index.php\/wp-json\/wp\/v2\/pages\/27"}],"wp:attachment":[{"href":"https:\/\/stade-poitevin-natation.fr\/index.php\/wp-json\/wp\/v2\/media?parent=35"}],"curies":[{"name":"wp","href":"https:\/\/api.w.org\/{rel}","templated":true}]}}