{"id":43,"date":"2022-03-18T11:07:23","date_gmt":"2022-03-18T10:07:23","guid":{"rendered":"https:\/\/beta.stade-poitevin-natation.fr\/?page_id=43"},"modified":"2022-05-06T12:33:12","modified_gmt":"2022-05-06T10:33:12","slug":"sport-adapte","status":"publish","type":"page","link":"https:\/\/stade-poitevin-natation.fr\/index.php\/activites\/sport-adapte\/","title":{"rendered":"Sport Adapt\u00e9"},"content":{"rendered":"<div id=\"cs-content\" class=\"cs-content\"><\/div>\n","protected":false},"excerpt":{"rendered":"<p>Le Stade Poitevin Natation souhaite permettre \u00e0 toute personne handicap\u00e9e mentale, quelles que soient ses capacit\u00e9s et son niveau, de pratiquer les activit\u00e9s de la natation dans un environnement favorisant le plaisir, la performance, la s\u00e9curit\u00e9 et l\u2019exercice de la citoyennet\u00e9.S&rsquo;inscrireCr\u00e9neaux horaires Blaiserie Samedi : 12h00 &#8211; 12h45<\/p>\n","protected":false},"author":2,"featured_media":0,"parent":27,"menu_order":0,"comment_status":"closed","ping_status":"closed","template":"","meta":{"footnotes":""},"class_list":["post-43","page","type-page","status-publish","hentry","no-post-thumbnail"],"_links":{"self":[{"href":"https:\/\/stade-poitevin-natation.fr\/index.php\/wp-json\/wp\/v2\/pages\/43","targetHints":{"allow":["GET"]}}],"collection":[{"href":"https:\/\/stade-poitevin-natation.fr\/index.php\/wp-json\/wp\/v2\/pages"}],"about":[{"href":"https:\/\/stade-poitevin-natation.fr\/index.php\/wp-json\/wp\/v2\/types\/page"}],"author":[{"embeddable":true,"href":"https:\/\/stade-poitevin-natation.fr\/index.php\/wp-json\/wp\/v2\/users\/2"}],"replies":[{"embeddable":true,"href":"https:\/\/stade-poitevin-natation.fr\/index.php\/wp-json\/wp\/v2\/comments?post=43"}],"version-history":[{"count":2,"href":"https:\/\/stade-poitevin-natation.fr\/index.php\/wp-json\/wp\/v2\/pages\/43\/revisions"}],"predecessor-version":[{"id":505,"href":"https:\/\/stade-poitevin-natation.fr\/index.php\/wp-json\/wp\/v2\/pages\/43\/revisions\/505"}],"up":[{"embeddable":true,"href":"https:\/\/stade-poitevin-natation.fr\/index.php\/wp-json\/wp\/v2\/pages\/27"}],"wp:attachment":[{"href":"https:\/\/stade-poitevin-natation.fr\/index.php\/wp-json\/wp\/v2\/media?parent=43"}],"curies":[{"name":"wp","href":"https:\/\/api.w.org\/{rel}","templated":true}]}}