{"id":55,"date":"2022-03-18T11:14:37","date_gmt":"2022-03-18T10:14:37","guid":{"rendered":"https:\/\/beta.stade-poitevin-natation.fr\/?page_id=55"},"modified":"2022-05-06T12:29:09","modified_gmt":"2022-05-06T10:29:09","slug":"le-club","status":"publish","type":"page","link":"https:\/\/stade-poitevin-natation.fr\/index.php\/le-club\/","title":{"rendered":"Le Club"},"content":{"rendered":"<div id=\"cs-content\" class=\"cs-content\"><\/div>\n","protected":false},"excerpt":{"rendered":"<p>Le Comit\u00e9 Directeur En savoir +Histoire Short and Sweet Headlines are Best! Learn MoreL&rsquo;\u00e9quipe encadrante En savoir +Palmar\u00e8s Short and Sweet Headlines are Best! Learn MoreLe R\u00e8glement Int\u00e9rieur En savoir +Les Statuts En savoir +<\/p>\n","protected":false},"author":2,"featured_media":0,"parent":0,"menu_order":0,"comment_status":"closed","ping_status":"closed","template":"","meta":{"footnotes":""},"class_list":["post-55","page","type-page","status-publish","hentry","no-post-thumbnail"],"_links":{"self":[{"href":"https:\/\/stade-poitevin-natation.fr\/index.php\/wp-json\/wp\/v2\/pages\/55","targetHints":{"allow":["GET"]}}],"collection":[{"href":"https:\/\/stade-poitevin-natation.fr\/index.php\/wp-json\/wp\/v2\/pages"}],"about":[{"href":"https:\/\/stade-poitevin-natation.fr\/index.php\/wp-json\/wp\/v2\/types\/page"}],"author":[{"embeddable":true,"href":"https:\/\/stade-poitevin-natation.fr\/index.php\/wp-json\/wp\/v2\/users\/2"}],"replies":[{"embeddable":true,"href":"https:\/\/stade-poitevin-natation.fr\/index.php\/wp-json\/wp\/v2\/comments?post=55"}],"version-history":[{"count":7,"href":"https:\/\/stade-poitevin-natation.fr\/index.php\/wp-json\/wp\/v2\/pages\/55\/revisions"}],"predecessor-version":[{"id":588,"href":"https:\/\/stade-poitevin-natation.fr\/index.php\/wp-json\/wp\/v2\/pages\/55\/revisions\/588"}],"wp:attachment":[{"href":"https:\/\/stade-poitevin-natation.fr\/index.php\/wp-json\/wp\/v2\/media?parent=55"}],"curies":[{"name":"wp","href":"https:\/\/api.w.org\/{rel}","templated":true}]}}