{"id":57,"date":"2022-03-18T11:15:10","date_gmt":"2022-03-18T10:15:10","guid":{"rendered":"https:\/\/beta.stade-poitevin-natation.fr\/?page_id=57"},"modified":"2025-12-12T16:03:54","modified_gmt":"2025-12-12T15:03:54","slug":"comite-directeur","status":"publish","type":"page","link":"https:\/\/stade-poitevin-natation.fr\/index.php\/le-club\/comite-directeur\/","title":{"rendered":"Comit\u00e9 Directeur"},"content":{"rendered":"\n<p>En tant qu\u2019association \u00ab&nbsp;loi 1901&nbsp;\u00bb le Stade Poitevin Natation est dirig\u00e9 par une \u00e9quipe de b\u00e9n\u00e9voles.<\/p>\n\n\n<div  class=\"wp-block-ultimate-post-heading ultp-block-689511\"><div class=\"ultp-block-wrapper\"><div class=\"ultp-heading-wrap ultp-heading-style4 ultp-heading-center\"><h1 class=\"ultp-heading-inner\"><span>Le bureau<\/span><\/h1><\/div><\/div><\/div>\n\n\n<div class=\"wp-block-columns is-layout-flex wp-container-core-columns-is-layout-9d6595d7 wp-block-columns-is-layout-flex\">\n<div class=\"wp-block-column is-layout-flow wp-block-column-is-layout-flow\"><div  class=\"wp-block-ultimate-post-heading ultp-block-e6ed31\"><div class=\"ultp-block-wrapper\"><div class=\"ultp-heading-wrap ultp-heading-style20 ultp-heading-center\"><h2 class=\"ultp-heading-inner\"><span>Pr\u00e9sident<\/span><\/h2><div class=\"ultp-sub-heading\"><div class=\"ultp-sub-heading-inner\">M. Jean-Luc LAGARDE<\/div><\/div><\/div><\/div><\/div>\n\n<div  class=\"wp-block-ultimate-post-image ultp-block-f63d4c aligncenter\"><div class=\"ultp-block-wrapper\"><figure class=\"ultp-image-block-wrapper\"><div class=\"ultp-image-block ultp-image-block-opacity\"><img decoding=\"async\"  class=\"ultp-image\"  alt=\"Image Not Found\"  src=\"https:\/\/stade-poitevin-natation.fr\/wp-content\/uploads\/2024\/01\/Jean-Luc-LAGARDE-03012024.jpg\" \/><\/div><\/figure><\/div><\/div>\n\n\n<p class=\"has-text-align-center\"><a href=\"mailto:jean-luc.lagarde@stade-poitevin-natation.fr\">jean-luc.lagarde@stade-poitevin-natation.fr<\/a><\/p>\n\n\n<div  class=\"wp-block-ultimate-post-heading ultp-block-64df4d\"><div class=\"ultp-block-wrapper\"><div class=\"ultp-heading-wrap ultp-heading-style20 ultp-heading-center\"><h2 class=\"ultp-heading-inner\"><span>Secr\u00e9taire<\/span><\/h2><div class=\"ultp-sub-heading\"><div class=\"ultp-sub-heading-inner\">M. Benoit DEVANNE<\/div><\/div><\/div><\/div><\/div>\n\n<div  class=\"wp-block-ultimate-post-image ultp-block-705801 aligncenter\"><div class=\"ultp-block-wrapper\"><figure class=\"ultp-image-block-wrapper\"><div class=\"ultp-image-block ultp-image-block-opacity\"><img decoding=\"async\"  class=\"ultp-image\"  alt=\"Image\"  src=\"http:\/\/stade-poitevin-natation.fr\/wp-content\/uploads\/2022\/05\/Benoit-e1651659647570.jpg\" \/><\/div><\/figure><\/div><\/div>\n\n\n<p class=\"has-text-align-center\"><a href=\"mailto:benoit.devanne@stade-poitevin-natation.fr\">benoit.devanne@stade-poitevin-natation.fr<\/a><\/p>\n\n\n<div  class=\"wp-block-ultimate-post-heading ultp-block-3da11b\"><div class=\"ultp-block-wrapper\"><div class=\"ultp-heading-wrap ultp-heading-style20 ultp-heading-center\"><h2 class=\"ultp-heading-inner\"><span>Tr\u00e9sorier<\/span><\/h2><div class=\"ultp-sub-heading\"><div class=\"ultp-sub-heading-inner\">M. Matthieu MENARD<\/div><\/div><\/div><\/div><\/div>\n\n<div  class=\"wp-block-ultimate-post-image ultp-block-cafc19 aligncenter\"><div class=\"ultp-block-wrapper\"><figure class=\"ultp-image-block-wrapper\"><div class=\"ultp-image-block ultp-image-block-opacity\"><img decoding=\"async\"  class=\"ultp-image\"  alt=\"Photo_Matthieu_Menard\"  src=\"https:\/\/stade-poitevin-natation.fr\/wp-content\/uploads\/2025\/01\/1000023082.jpg\" \/><\/div><\/figure><\/div><\/div>\n\n\n<p class=\"has-text-align-center\"><a href=\"mailto:boris.thevenet@stade-poitevin-natation.fr\">matthieu.menard@stade-poitevin-natation.fr<\/a><\/p>\n<\/div>\n\n\n\n<div class=\"wp-block-column is-layout-flow wp-block-column-is-layout-flow\"><div  class=\"wp-block-ultimate-post-heading ultp-block-2116c8\"><div class=\"ultp-block-wrapper\"><div class=\"ultp-heading-wrap ultp-heading-style20 ultp-heading-center\"><h2 class=\"ultp-heading-inner\"><span>Vice-pr\u00e9sident<\/span><\/h2><div class=\"ultp-sub-heading\"><div class=\"ultp-sub-heading-inner\">M. Daniel GUYONNET<\/div><\/div><\/div><\/div><\/div>\n\n<div  class=\"wp-block-ultimate-post-image ultp-block-6bd966 aligncenter\"><div class=\"ultp-block-wrapper\"><figure class=\"ultp-image-block-wrapper\"><div class=\"ultp-image-block ultp-image-block-opacity\"><img decoding=\"async\"  class=\"ultp-image\"  alt=\"Image Not Found\"  src=\"https:\/\/stade-poitevin-natation.fr\/wp-content\/uploads\/2022\/05\/Homme2.jpg\" \/><\/div><\/figure><\/div><\/div>\n\n\n<p class=\"has-text-align-center\"><a href=\"mailto:daniel.guyonnet@stade-poitevin-natation.fr\">daniel.guyonnet@stade-poitevin-natation.fr<\/a><\/p>\n\n\n<div  class=\"wp-block-ultimate-post-heading ultp-block-7a12d0\"><div class=\"ultp-block-wrapper\"><div class=\"ultp-heading-wrap ultp-heading-style20 ultp-heading-center\"><h2 class=\"ultp-heading-inner\"><span>Secr\u00e9taire adjoint<\/span><\/h2><div class=\"ultp-sub-heading\"><div class=\"ultp-sub-heading-inner\">M. Xavier DOMINIQUE<\/div><\/div><\/div><\/div><\/div>\n\n<div  class=\"wp-block-ultimate-post-image ultp-block-439684 aligncenter\"><div class=\"ultp-block-wrapper\"><figure class=\"ultp-image-block-wrapper\"><div class=\"ultp-image-block ultp-image-block-opacity\"><img decoding=\"async\"  class=\"ultp-image\"  alt=\"Image Not Found\"  src=\"https:\/\/stade-poitevin-natation.fr\/wp-content\/uploads\/2022\/05\/Homme1.jpg\" \/><\/div><\/figure><\/div><\/div>\n\n\n<p class=\"has-text-align-center\"><a href=\"mailto:xavier.dominique@stade-poitevin-natation.fr\">xavier.dominique@stade-poitevin-natation.fr<\/a><\/p>\n\n\n<div  class=\"wp-block-ultimate-post-heading ultp-block-f2e1bc\"><div class=\"ultp-block-wrapper\"><div class=\"ultp-heading-wrap ultp-heading-style20 ultp-heading-center\"><h2 class=\"ultp-heading-inner\"><span>Tr\u00e9sorier adjoint<\/span><\/h2><div class=\"ultp-sub-heading\"><div class=\"ultp-sub-heading-inner\">M. Didier STEFANINI<\/div><\/div><\/div><\/div><\/div>\n\n<div  class=\"wp-block-ultimate-post-image ultp-block-016044 aligncenter\"><div class=\"ultp-block-wrapper\"><figure class=\"ultp-image-block-wrapper\"><div class=\"ultp-image-block ultp-image-block-opacity\"><img decoding=\"async\"  class=\"ultp-image\"  alt=\"Image Not Found\"  src=\"https:\/\/stade-poitevin-natation.fr\/wp-content\/uploads\/2023\/09\/DIDIER-STEFANINI-e1704276525469.jpg\" \/><\/div><\/figure><\/div><\/div>\n\n\n<p class=\"has-text-align-center\"><a href=\"mailto:didier.stefanini@stade-poitevin-natation.fr\">didier.stefanini@stade-poitevin-natation.fr<\/a><\/p>\n<\/div>\n<\/div>\n\n\n<div  class=\"wp-block-ultimate-post-heading ultp-block-31321a\"><div class=\"ultp-block-wrapper\"><div class=\"ultp-heading-wrap ultp-heading-style4 ultp-heading-center\"><h1 class=\"ultp-heading-inner\"><span>Les autres membres<\/span><\/h1><\/div><\/div><\/div>\n\n\n<ul class=\"wp-block-list\">\n<li>Mme Laetitia BREGEON<\/li>\n\n\n\n<li>M. Paul HUVELIN<\/li>\n\n\n\n<li>Mme Alexandra BROUSSEAU<\/li>\n\n\n\n<li>Mme B\u00e9n\u00e9dicte MAUNIER<\/li>\n\n\n\n<li>M. Morgan ROCHAIS<\/li>\n\n\n\n<li>M. Boris THEVENET<\/li>\n\n\n\n<li>M. Anthony CASTOT<\/li>\n\n\n\n<li>M. Noah NORMAND<\/li>\n\n\n\n<li>M. Charles LEPAIRE<\/li>\n\n\n\n<li>M. Benjamin TABUTAUD<\/li>\n<\/ul>\n\n\n<div  class=\"wp-block-ultimate-post-heading ultp-block-1f6548\"><div class=\"ultp-block-wrapper\"><div class=\"ultp-heading-wrap ultp-heading-style10 ultp-heading-left\"><h2 class=\"ultp-heading-inner\"><span>Les commissions<\/span><\/h2><\/div><\/div><\/div>\n\n\n<ul class=\"wp-block-list\">\n<li><strong>V\u00e9hicules :<\/strong>&nbsp;M. Didier STEFANINI et M. Matthieu MENARD<\/li>\n\n\n\n<li><strong>Informatiques :<\/strong>&nbsp;M. Paul HUVELIN<\/li>\n\n\n\n<li><strong>Officiels :<\/strong>&nbsp;M. Morgan ROCHAIS<\/li>\n\n\n\n<li><strong>Communication :<\/strong> Mme Alexandra BROUSSEAU, M. Anthony CASTOT, M. Noah NORMAND, M. Benoit DEVANNE<\/li>\n\n\n\n<li><strong>Partenariats, Sponsors et M\u00e9c\u00e8nes &nbsp;:<\/strong>&nbsp;Mme Alexandra BROUSSEAU, M. Anthony CASTOT, M. Noah NORMAND, M. Benoit DEVANNE<\/li>\n\n\n\n<li><strong>\u00c9v\u00e9nements et D\u00e9veloppement du club :<\/strong> M. Daniel GUYONNET, M. Didier STEFANINI, M. Matthieu MENARD, Mme Laetitia BREGEON, M. Xavier DOMINIQUE<\/li>\n\n\n\n<li><strong>Boutique et \u00c9quipements<\/strong> : Mme Laetitia BREGEON, Mme Alexandra BROUSSEAU<\/li>\n<\/ul>\n\n\n\n<hr class=\"wp-block-separator has-text-color has-css-opacity has-background\" style=\"background-color:#5bc5f2;color:#5bc5f2\"\/>\n\n\n<div  class=\"wp-block-ultimate-post-image ultp-block-54db35 alignfull\"><div class=\"ultp-block-wrapper\"><figure class=\"ultp-image-block-wrapper\"><div class=\"ultp-image-block ultp-image-block-none\"><a href=\"http:\/\/beta.stade-poitevin-natation.fr\/wp-content\/uploads\/2022\/04\/Organigramme-Comite-directeur.jpg\" target=\"_self\"><img decoding=\"async\"  class=\"ultp-image\"  alt=\"Image Not Found\"  src=\"https:\/\/stade-poitevin-natation.fr\/wp-content\/plugins\/ultimate-post\/assets\/img\/ultp-placeholder.jpg\" \/><\/a><\/div><\/figure><\/div><\/div>","protected":false},"excerpt":{"rendered":"<p>En tant qu\u2019association \u00ab&nbsp;loi 1901&nbsp;\u00bb le Stade Poitevin Natation est dirig\u00e9 par une \u00e9quipe de b\u00e9n\u00e9voles. jean-luc.lagarde@stade-poitevin-natation.fr benoit.devanne@stade-poitevin-natation.fr matthieu.menard@stade-poitevin-natation.fr daniel.guyonnet@stade-poitevin-natation.fr xavier.dominique@stade-poitevin-natation.fr didier.stefanini@stade-poitevin-natation.fr<\/p>\n","protected":false},"author":2,"featured_media":0,"parent":55,"menu_order":0,"comment_status":"closed","ping_status":"closed","template":"","meta":{"footnotes":""},"class_list":["post-57","page","type-page","status-publish","hentry","no-post-thumbnail"],"_links":{"self":[{"href":"https:\/\/stade-poitevin-natation.fr\/index.php\/wp-json\/wp\/v2\/pages\/57","targetHints":{"allow":["GET"]}}],"collection":[{"href":"https:\/\/stade-poitevin-natation.fr\/index.php\/wp-json\/wp\/v2\/pages"}],"about":[{"href":"https:\/\/stade-poitevin-natation.fr\/index.php\/wp-json\/wp\/v2\/types\/page"}],"author":[{"embeddable":true,"href":"https:\/\/stade-poitevin-natation.fr\/index.php\/wp-json\/wp\/v2\/users\/2"}],"replies":[{"embeddable":true,"href":"https:\/\/stade-poitevin-natation.fr\/index.php\/wp-json\/wp\/v2\/comments?post=57"}],"version-history":[{"count":75,"href":"https:\/\/stade-poitevin-natation.fr\/index.php\/wp-json\/wp\/v2\/pages\/57\/revisions"}],"predecessor-version":[{"id":1649,"href":"https:\/\/stade-poitevin-natation.fr\/index.php\/wp-json\/wp\/v2\/pages\/57\/revisions\/1649"}],"up":[{"embeddable":true,"href":"https:\/\/stade-poitevin-natation.fr\/index.php\/wp-json\/wp\/v2\/pages\/55"}],"wp:attachment":[{"href":"https:\/\/stade-poitevin-natation.fr\/index.php\/wp-json\/wp\/v2\/media?parent=57"}],"curies":[{"name":"wp","href":"https:\/\/api.w.org\/{rel}","templated":true}]}}