{"id":69,"date":"2022-03-18T11:19:33","date_gmt":"2022-03-18T10:19:33","guid":{"rendered":"https:\/\/beta.stade-poitevin-natation.fr\/?page_id=69"},"modified":"2025-11-22T13:07:33","modified_gmt":"2025-11-22T12:07:33","slug":"contact","status":"publish","type":"page","link":"https:\/\/stade-poitevin-natation.fr\/index.php\/contact\/","title":{"rendered":"Contact"},"content":{"rendered":"\n<div class=\"wp-block-columns is-layout-flex wp-container-core-columns-is-layout-9d6595d7 wp-block-columns-is-layout-flex\">\n<div class=\"wp-block-column is-layout-flow wp-block-column-is-layout-flow\" style=\"flex-basis:66.66%\"><div  class=\"wp-block-ultimate-post-heading ultp-block-1edf72\"><div class=\"ultp-block-wrapper\"><div class=\"ultp-heading-wrap ultp-heading-style8 ultp-heading-center\"><h2 class=\"ultp-heading-inner\"><span>Nous contacter<\/span><\/h2><\/div><\/div><\/div>\n\n\n<div class=\"wp-block-contact-form-7-contact-form-selector\">\n<div class=\"wpcf7 no-js\" id=\"wpcf7-f201-o1\" lang=\"fr-FR\" dir=\"ltr\" data-wpcf7-id=\"201\">\n<div class=\"screen-reader-response\"><p role=\"status\" aria-live=\"polite\" aria-atomic=\"true\"><\/p> <ul><\/ul><\/div>\n<form action=\"\/index.php\/wp-json\/wp\/v2\/pages\/69#wpcf7-f201-o1\" method=\"post\" class=\"wpcf7-form init wpcf7-acceptance-as-validation\" aria-label=\"Formulaire de contact\" novalidate=\"novalidate\" data-status=\"init\">\n<fieldset class=\"hidden-fields-container\"><input type=\"hidden\" name=\"_wpcf7\" value=\"201\" \/><input type=\"hidden\" name=\"_wpcf7_version\" value=\"6.1.5\" \/><input type=\"hidden\" name=\"_wpcf7_locale\" value=\"fr_FR\" \/><input type=\"hidden\" name=\"_wpcf7_unit_tag\" value=\"wpcf7-f201-o1\" \/><input type=\"hidden\" name=\"_wpcf7_container_post\" value=\"0\" \/><input type=\"hidden\" name=\"_wpcf7_posted_data_hash\" value=\"\" \/>\n<\/fieldset>\n<p><label> Votre nom<br \/>\n<span class=\"wpcf7-form-control-wrap\" data-name=\"your-name\"><input size=\"40\" maxlength=\"400\" class=\"wpcf7-form-control wpcf7-text wpcf7-validates-as-required\" aria-required=\"true\" aria-invalid=\"false\" value=\"\" type=\"text\" name=\"your-name\" \/><\/span> <\/label>\n<\/p>\n<p><label> Votre e-mail<br \/>\n<span class=\"wpcf7-form-control-wrap\" data-name=\"your-email\"><input size=\"40\" maxlength=\"400\" class=\"wpcf7-form-control wpcf7-email wpcf7-validates-as-required wpcf7-text wpcf7-validates-as-email\" aria-required=\"true\" aria-invalid=\"false\" value=\"\" type=\"email\" name=\"your-email\" \/><\/span> <\/label>\n<\/p>\n<p><label> Objet<br \/>\n<span class=\"wpcf7-form-control-wrap\" data-name=\"your-subject\"><input size=\"40\" maxlength=\"400\" class=\"wpcf7-form-control wpcf7-text wpcf7-validates-as-required\" aria-required=\"true\" aria-invalid=\"false\" value=\"\" type=\"text\" name=\"your-subject\" \/><\/span> <\/label>\n<\/p>\n<p><label> Votre message (facultatif)<br \/>\n<span class=\"wpcf7-form-control-wrap\" data-name=\"your-message\"><textarea cols=\"40\" rows=\"10\" maxlength=\"2000\" class=\"wpcf7-form-control wpcf7-textarea\" aria-invalid=\"false\" name=\"your-message\"><\/textarea><\/span> <\/label>\n<\/p>\n<p>En cliquant sur \u00ab Envoyer \u00bb ci-dessous, vous autorisez le Stade Poitevin Natation \u00e0 stocker et traiter les donn\u00e9es personnelles soumises ci-dessus afin de vous fournir le contenu demand\u00e9.\n<\/p>\n<p><span class=\"wpcf7-form-control-wrap\" data-name=\"cmplz-acceptance\"><span class=\"wpcf7-form-control wpcf7-acceptance\"><span class=\"wpcf7-list-item\"><label><input type=\"checkbox\" name=\"cmplz-acceptance\" value=\"1\" aria-invalid=\"false\" \/><span class=\"wpcf7-list-item-label\">Pour soumettre ce formulaire, vous devez accepter notre <a href=\"#?cmplz_region_redirect=true\">D\u00e9claration de confidentialit\u00e9<\/a><\/span><\/label><\/span><\/span><\/span>\n<\/p>\n<p><div class=\"cf7-cf-turnstile\" style=\"margin-top: 0px; margin-bottom: -15px;\"> <div id=\"cf-turnstile-cf7-4150513429\" class=\"cf-turnstile\" data-callback=\"turnstileCF7Callback\" data-sitekey=\"0x4AAAAAAA-1S-P92Xd5W96d\" data-theme=\"auto\" data-language=\"auto\" data-size=\"normal\" data-retry=\"auto\" data-retry-interval=\"1000\" data-refresh-expired=\"auto\" data-action=\"contact-form-7\" data-appearance=\"always\"><\/div> <style>.wpcf7-submit { pointer-events: none; opacity: 0.5; }<\/style> <script>document.addEventListener(\"DOMContentLoaded\", function() { setTimeout(function(){ var e=document.getElementById(\"cf-turnstile-cf7-4150513429\"); e&&!e.innerHTML.trim()&&(turnstile.remove(\"#cf-turnstile-cf7-4150513429\"), turnstile.render(\"#cf-turnstile-cf7-4150513429\", {sitekey:\"0x4AAAAAAA-1S-P92Xd5W96d\"})); }, 100); });<\/script> <br class=\"cf-turnstile-br cf-turnstile-br-cf7-4150513429\"> <style>#cf-turnstile-cf7-4150513429 { margin-left: -15px; }<\/style> <script>document.addEventListener(\"DOMContentLoaded\",function(){document.querySelectorAll('.wpcf7-form').forEach(function(e){e.addEventListener('submit',function(){if(document.getElementById('cf-turnstile-cf7-4150513429')){setTimeout(function(){turnstile.reset('#cf-turnstile-cf7-4150513429');},1000)}})})});<\/script> <\/div>\n<\/p>\n<p><input class=\"wpcf7-form-control wpcf7-submit has-spinner\" type=\"submit\" value=\"Envoyer\" \/>\n<\/p><div class=\"wpcf7-response-output\" aria-hidden=\"true\"><\/div>\n<\/form>\n<\/div>\n<\/div>\n<\/div>\n\n\n\n<div class=\"wp-block-column is-layout-flow wp-block-column-is-layout-flow\" style=\"flex-basis:33.33%\"><div  class=\"wp-block-ultimate-post-heading ultp-block-2435ed\"><div class=\"ultp-block-wrapper\"><div class=\"ultp-heading-wrap ultp-heading-style8 ultp-heading-center\"><h2 class=\"ultp-heading-inner\"><span>Nos coordonn\u00e9es<\/span><\/h2><\/div><\/div><\/div>\n\n\n<p><strong>Adresse :<\/strong><span>\n<a href=\"https:\/\/goo.gl\/maps\/jxPvnvMHZ2NoHm3Y8\" target=\"_blank\" rel=\"noopener\">57 rue de la Ganterie, 86000 Poitiers<\/a><\/span><\/p>\n\n<p><strong>T\u00e9l :<\/strong> <a href=\"tel:+33967416899\">+33 9 67 41 68 99<\/a><\/p>\n\n<p><strong>Mail :<\/strong> <a href=\"mailto:contact@stade-poitevin-natation.fr\">contact@stade-poitevin-natation.fr<\/a><\/p>\n\n<p style=\"text-align: justify;\"><strong>Horaires d\u2019ouverture du secr\u00e9tariat :<\/strong>\n<\/p>\n<ul style=\"text-align: justify;\">\n \t<li>Lundi, Mardi, Jeudi : de 10 h 00 \u00e0 12 h 00 et de 16 h 00 \u00e0 18 h 00<\/li>\n \t<li>Mercredi de 10 h 00 \u00e0 12 h 00<\/li>\n \t<li>vendredi de 10 h 00 \u00e0 12 h 00 et de 15 h 00 \u00e0 17 h 00<\/li>\n<\/ul>\n\n\n\n<iframe src=\"https:\/\/www.google.com\/maps\/embed?pb=!1m14!1m8!1m3!1d22094.78470056643!2d-1.1738522!3d46.1935816!3m2!1i1024!2i768!4f13.1!3m3!1m2!1s0x47fdbeedb390e299%3A0x6b4b606d326e8f58!2sPiscine%20de%20la%20Ganterie!5e0!3m2!1sfr!2sfr!4v1647621878097!5m2!1sfr!2sfr\" width=\"400\" height=\"300\" style=\"border:0;\" allowfullscreen=\"\" loading=\"lazy\"><\/iframe>\n<\/div>\n<\/div>\n\n\n\n<p><\/p>\n","protected":false},"excerpt":{"rendered":"<p>Adresse : 57 rue de la Ganterie, 86000 Poitiers T\u00e9l : +33 9 67 41 68 99 Mail : contact@stade-poitevin-natation.fr Horaires d\u2019ouverture du secr\u00e9tariat : Lundi, Mardi, Jeudi : de 10 h 00 \u00e0 12 h 00 et de 16 h 00 \u00e0 18 h 00 Mercredi de 10 h 00 \u00e0 12 h 00 vendredi de 10 h 00 &#8230; <\/p>\n<div><a href=\"https:\/\/stade-poitevin-natation.fr\/index.php\/contact\/\" class=\"more-link\">Read More<\/a><\/div>\n","protected":false},"author":2,"featured_media":0,"parent":0,"menu_order":0,"comment_status":"closed","ping_status":"closed","template":"","meta":{"footnotes":""},"class_list":["post-69","page","type-page","status-publish","hentry","no-post-thumbnail"],"_links":{"self":[{"href":"https:\/\/stade-poitevin-natation.fr\/index.php\/wp-json\/wp\/v2\/pages\/69","targetHints":{"allow":["GET"]}}],"collection":[{"href":"https:\/\/stade-poitevin-natation.fr\/index.php\/wp-json\/wp\/v2\/pages"}],"about":[{"href":"https:\/\/stade-poitevin-natation.fr\/index.php\/wp-json\/wp\/v2\/types\/page"}],"author":[{"embeddable":true,"href":"https:\/\/stade-poitevin-natation.fr\/index.php\/wp-json\/wp\/v2\/users\/2"}],"replies":[{"embeddable":true,"href":"https:\/\/stade-poitevin-natation.fr\/index.php\/wp-json\/wp\/v2\/comments?post=69"}],"version-history":[{"count":11,"href":"https:\/\/stade-poitevin-natation.fr\/index.php\/wp-json\/wp\/v2\/pages\/69\/revisions"}],"predecessor-version":[{"id":1615,"href":"https:\/\/stade-poitevin-natation.fr\/index.php\/wp-json\/wp\/v2\/pages\/69\/revisions\/1615"}],"wp:attachment":[{"href":"https:\/\/stade-poitevin-natation.fr\/index.php\/wp-json\/wp\/v2\/media?parent=69"}],"curies":[{"name":"wp","href":"https:\/\/api.w.org\/{rel}","templated":true}]}}