{"id":791,"date":"2023-01-13T08:17:36","date_gmt":"2023-01-13T07:17:36","guid":{"rendered":"https:\/\/stade-poitevin-natation.fr\/?page_id=791"},"modified":"2023-01-13T08:30:21","modified_gmt":"2023-01-13T07:30:21","slug":"contrat-dengagement-republicain","status":"publish","type":"page","link":"https:\/\/stade-poitevin-natation.fr\/index.php\/le-club\/contrat-dengagement-republicain\/","title":{"rendered":"Contrat d&rsquo;Engagement R\u00e9publicain"},"content":{"rendered":"\n<p>Vous pouvez t\u00e9l\u00e9charger le Contrat d&rsquo;Engagement R\u00e9publicain des Associations et Fondations B\u00e9n\u00e9ficiant de Subventions Publiques ou d&rsquo;un Agr\u00e9ment de l&rsquo;\u00c9tat en PDF ci-dessous :<\/p>\n\n\n\n<div class=\"wp-block-file\"><a id=\"wp-block-file--media-b0af5ffd-e457-4305-b0b6-be269062859d\" href=\"https:\/\/stade-poitevin-natation.fr\/wp-content\/uploads\/2022\/12\/Contrat-dengagement-republicain-6.pdf\" target=\"_blank\" rel=\"noreferrer noopener\">Contrat-d&rsquo;engagement-r\u00e9publicain<\/a><\/div>\n\n\n\n<hr class=\"wp-block-separator has-css-opacity is-style-dots\"\/>\n\n\n\n<p class=\"has-text-align-center has-small-font-size\"><em>D\u00e9cret no 2021-1947 du 31 d\u00e9cembre 2021 pris pour l\u2019application de l\u2019article 10-1 de la loi N\u00b0 2000-321 Du 12 avril 2000 et approuvant le contrat d\u2019engagement r\u00e9publicain Des associations et fondations b\u00e9n\u00e9ficiant de subventions publiques ou d\u2019un agr\u00e9ment de l\u2019Etat<\/em><\/p>\n\n\n\n<hr class=\"wp-block-separator has-alpha-channel-opacity is-style-default\"\/>\n\n\n\n<p>L\u2019importance des associations et des fondations dans la vie de la Nation et leur contribution \u00e0 l\u2019int\u00e9r\u00eat g\u00e9n\u00e9ral justifient que les autorit\u00e9s administratives d\u00e9cident de leur apporter un soutien financier ou mat\u00e9riel. Il en va de m\u00eame pour les f\u00e9d\u00e9rations sportives et les ligues professionnelles. L\u2019administration, qui doit elle-m\u00eame rendre des comptes aux citoyens, justifier du bon usage des deniers publics et de la reconnaissance qu\u2019elle peut attribuer, est fond\u00e9e \u00e0 s\u2019assurer que les organismes b\u00e9n\u00e9ficiaires de<br>subventions publiques ou d\u2019un agr\u00e9ment respectent le pacte r\u00e9publicain.<br>A cette fin la loi n\u00b02021-1109 du 24 ao\u00fbt 2021 confortant le respect des principes de la R\u00e9publique a institu\u00e9 le contrat d\u2019engagement r\u00e9publicain.<br>Conform\u00e9ment aux dispositions des articles 10-1 et 25-1 de la loi n\u00b02000-321 du 12 avril 2000 relative aux droits des citoyens dans leurs relations avec les administrations, le pr\u00e9sent contrat a pour objet de pr\u00e9ciser les engagements que prend toute association ou fondation qui sollicite une subvention publique ou un agr\u00e9ment de l\u2019Etat. Ainsi, l\u2019association ou la fondation \u00ab s\u2019engage (\u2026) \u00e0 respecter les principes de libert\u00e9, d\u2019\u00e9galit\u00e9, de fraternit\u00e9 et de dignit\u00e9 de la personne humaine ainsi que les symboles de la R\u00e9publique (\u2026) \u00bb, \u00ab \u00e0 ne pas remettre en cause le caract\u00e8re la\u00efque de la R\u00e9publique \u00bb et \u00ab \u00e0 s\u2019abstenir de toute action portant atteinte \u00e0 l\u2019ordre public \u00bb.<br>Ces engagements sont souscrits dans le respect des libert\u00e9s constitutionnellement reconnues, notamment la libert\u00e9 d\u2019association et la libert\u00e9 d\u2019expression dont d\u00e9coulent la libert\u00e9 de se r\u00e9unir, de manifester et de cr\u00e9ation.<\/p>\n\n\n\n<hr class=\"wp-block-separator has-alpha-channel-opacity\"\/>\n\n\n<div id=\"Article___Nom_et_Objet\"  class=\"wp-block-ultimate-post-heading ultp-block-e55e9a\"><div class=\"ultp-block-wrapper\"><div class=\"ultp-heading-wrap ultp-heading-style9 ultp-heading-left\"><h1 class=\"ultp-heading-inner\"><span>ENGAGEMENT n\u00b01 : RESPECT DES LOIS DE LA R\u00c9PUBLIQUE<\/span><\/h1><\/div><\/div><\/div>\n\n\n<p>Le respect des lois de la R\u00e9publique s\u2019impose aux associations et aux fondations, qui ne doivent entreprendre ni inciter \u00e0 aucune action manifestement contraire \u00e0 la loi, violente ou susceptible d\u2019entra\u00eener des troubles graves \u00e0 l\u2019ordre public.<br>L\u2019association ou la fondation b\u00e9n\u00e9ficiaire s\u2019engage \u00e0 ne pas se pr\u00e9valoir de convictions politiques, philosophiques ou religieuses pour s\u2019affranchir des r\u00e8gles communes r\u00e9gissant ses relations avec les collectivit\u00e9s publiques. Elle s\u2019engage notamment \u00e0 ne pas remettre en cause le caract\u00e8re la\u00efque de la R\u00e9publique.<\/p>\n\n\n<div id=\"Article___Moyens_daction\"  class=\"wp-block-ultimate-post-heading ultp-block-b1df05\"><div class=\"ultp-block-wrapper\"><div class=\"ultp-heading-wrap ultp-heading-style9 ultp-heading-left\"><h1 class=\"ultp-heading-inner\"><span>ENGAGEMENT n\u00b02 : LIBERT\u00c9 DE CONSCIENCE<\/span><\/h1><\/div><\/div><\/div>\n\n\n<p>L\u2019association ou la fondation s\u2019engage \u00e0 respecter et prot\u00e9ger la libert\u00e9 de conscience de ses membres et des tiers, notamment des b\u00e9n\u00e9ficiaires de ses services, et s\u2019abstient de tout acte de pros\u00e9lytisme abusif exerc\u00e9 notamment sous la contrainte, la menace ou la pression. Cet engagement ne fait pas obstacle \u00e0 ce que les associations ou fondations dont l\u2019objet est fond\u00e9 sur des convictions, notamment religieuses, requi\u00e8rent de leurs membres une adh\u00e9sion loyale \u00e0 l\u2019\u00e9gard des valeurs ou des croyances de l\u2019organisation.<\/p>\n\n\n<div id=\"Article___Affiliation\"  class=\"wp-block-ultimate-post-heading ultp-block-a8a6a3\"><div class=\"ultp-block-wrapper\"><div class=\"ultp-heading-wrap ultp-heading-style9 ultp-heading-left\"><h1 class=\"ultp-heading-inner\"><span>ENGAGEMENT n\u00b03 : LIBERT\u00c9 DES MEMBRES DE L\u2019ASSOCIATION<\/span><\/h1><\/div><\/div><\/div>\n\n\n<p>L\u2019association s\u2019engage \u00e0 respecter la libert\u00e9 de ses membres de s\u2019en retirer dans les conditions pr\u00e9vues \u00e0 l\u2019article 4 de la loi du 1er juillet 1901 et leur droit de ne pas en \u00eatre arbitrairement exclu.<\/p>\n\n\n<div id=\"Article___Ressources_financires\"  class=\"wp-block-ultimate-post-heading ultp-block-08e4ac\"><div class=\"ultp-block-wrapper\"><div class=\"ultp-heading-wrap ultp-heading-style9 ultp-heading-left\"><h1 class=\"ultp-heading-inner\"><span>ENGAGEMENT n\u00b04 : \u00c9GALIT\u00c9 ET NON-DISCRIMINATION<\/span><\/h1><\/div><\/div><\/div>\n\n\n<p>L\u2019association ou la fondation s\u2019engage \u00e0 respecter l\u2019\u00e9galit\u00e9 de tous devant la loi. Elle s\u2019engage, dans son fonctionnement interne comme dans ses rapports avec les tiers, \u00e0 ne pas op\u00e9rer de diff\u00e9rences de traitement fond\u00e9es sur le sexe, l\u2019orientation sexuelle, l\u2019identit\u00e9 de genre, l\u2019appartenance r\u00e9elle ou suppos\u00e9e \u00e0 une ethnie, une Nation, une pr\u00e9tendue race ou une religion d\u00e9termin\u00e9e qui ne reposeraient pas sur une diff\u00e9rence de situation objective en rapport avec l\u2019objet statutaire licite qu\u2019elle poursuit, ni<br>cautionner ou encourager de telles discriminations. Elle prend les mesures, compte tenu des moyens dont elle dispose, permettant de lutter contre toute forme de violence \u00e0 caract\u00e8re sexuel ou sexiste.<\/p>\n\n\n<div id=\"Article___Membres\"  class=\"wp-block-ultimate-post-heading ultp-block-bf8851\"><div class=\"ultp-block-wrapper\"><div class=\"ultp-heading-wrap ultp-heading-style9 ultp-heading-left\"><h1 class=\"ultp-heading-inner\"><span>ENGAGEMENT n\u00b05 : FRATERNIT\u00c9 ET PREVENTION DE LA VIOLENCE<\/span><\/h1><\/div><\/div><\/div>\n\n\n<p>L\u2019association ou la fondation s\u2019engage \u00e0 agir dans un esprit de fraternit\u00e9 et de civisme. Dans son activit\u00e9, dans son fonctionnement interne comme dans ses rapports avec les tiers, l\u2019association s\u2019engage \u00e0 ne pas provoquer \u00e0 la haine ou \u00e0 la violence envers quiconque et \u00e0 ne pas cautionner de tels agissements. Elle s\u2019engage \u00e0 rejeter toutes formes de racisme et d\u2019antis\u00e9mitisme.<\/p>\n\n\n<div id=\"Article___Accs_et_jouissance_des_installations\"  class=\"wp-block-ultimate-post-heading ultp-block-dbe19c\"><div class=\"ultp-block-wrapper\"><div class=\"ultp-heading-wrap ultp-heading-style9 ultp-heading-left\"><h1 class=\"ultp-heading-inner\"><span>ENGAGEMENT n\u00b06 : RESPECT DE LA DIGNIT\u00c9 DE LA PERSONNE HUMAINE<\/span><\/h1><\/div><\/div><\/div>\n\n\n<p>L\u2019association ou la fondation s\u2019engage \u00e0 n\u2019entreprendre, ne soutenir, ni cautionner aucune action de nature \u00e0 porter atteinte \u00e0 la sauvegarde de la dignit\u00e9 de la personne humaine. Elle s\u2019engage \u00e0 respecter les lois et r\u00e8glements en vigueur destin\u00e9s \u00e0 prot\u00e9ger la sant\u00e9 et l\u2019int\u00e9grit\u00e9 physique et psychique de ses membres et des b\u00e9n\u00e9ficiaires de ses services et ses activit\u00e9s, et \u00e0 ne pas mettre en danger la vie d\u2019autrui par ses agissements ou sa n\u00e9gligence. Elle s\u2019engage \u00e0 ne pas cr\u00e9er, maintenir ou exploiter la vuln\u00e9rabilit\u00e9<br>psychologique ou physique de ses membres et des personnes qui participent \u00e0 ses activit\u00e9s \u00e0 quelque titre que ce soit, notamment des personnes en situation de handicap, que ce soit par des pressions ou des tentatives d\u2019endoctrinement. Elle s\u2019engage en particulier \u00e0 n\u2019entreprendre aucune action de nature \u00e0 compromettre le d\u00e9veloppement physique, affectif, intellectuel et social des mineurs, ainsi que leur sant\u00e9 et leur s\u00e9curit\u00e9.<\/p>\n\n\n<div id=\"Article___Assemble_Gnrale_Ordinaire\"  class=\"wp-block-ultimate-post-heading ultp-block-6009aa\"><div class=\"ultp-block-wrapper\"><div class=\"ultp-heading-wrap ultp-heading-style9 ultp-heading-left\"><h1 class=\"ultp-heading-inner\"><span>ENGAGEMENT n\u00b07 : RESPECT DES SYMBOLES DE LA R\u00c9PUBLIQUE<\/span><\/h1><\/div><\/div><\/div>\n\n\n<p class=\"has-text-align-justify\">L\u2019association s\u2019engage \u00e0 respecter le drapeau tricolore, l\u2019hymne national, et la devise de la R\u00e9publique.<\/p>\n","protected":false},"excerpt":{"rendered":"<p>Vous pouvez t\u00e9l\u00e9charger le Contrat d&rsquo;Engagement R\u00e9publicain des Associations et Fondations B\u00e9n\u00e9ficiant de Subventions Publiques ou d&rsquo;un Agr\u00e9ment de l&rsquo;\u00c9tat en PDF ci-dessous : D\u00e9cret no 2021-1947 du 31 d\u00e9cembre 2021 pris pour l\u2019application de l\u2019article 10-1 de la loi N\u00b0 2000-321 Du 12 avril 2000 et approuvant le contrat d\u2019engagement r\u00e9publicain Des associations et fondations b\u00e9n\u00e9ficiant de subventions publiques &#8230; <\/p>\n<div><a href=\"https:\/\/stade-poitevin-natation.fr\/index.php\/le-club\/contrat-dengagement-republicain\/\" class=\"more-link\">Read More<\/a><\/div>\n","protected":false},"author":2,"featured_media":0,"parent":55,"menu_order":0,"comment_status":"closed","ping_status":"closed","template":"","meta":{"footnotes":""},"class_list":["post-791","page","type-page","status-publish","hentry","no-post-thumbnail"],"_links":{"self":[{"href":"https:\/\/stade-poitevin-natation.fr\/index.php\/wp-json\/wp\/v2\/pages\/791","targetHints":{"allow":["GET"]}}],"collection":[{"href":"https:\/\/stade-poitevin-natation.fr\/index.php\/wp-json\/wp\/v2\/pages"}],"about":[{"href":"https:\/\/stade-poitevin-natation.fr\/index.php\/wp-json\/wp\/v2\/types\/page"}],"author":[{"embeddable":true,"href":"https:\/\/stade-poitevin-natation.fr\/index.php\/wp-json\/wp\/v2\/users\/2"}],"replies":[{"embeddable":true,"href":"https:\/\/stade-poitevin-natation.fr\/index.php\/wp-json\/wp\/v2\/comments?post=791"}],"version-history":[{"count":5,"href":"https:\/\/stade-poitevin-natation.fr\/index.php\/wp-json\/wp\/v2\/pages\/791\/revisions"}],"predecessor-version":[{"id":800,"href":"https:\/\/stade-poitevin-natation.fr\/index.php\/wp-json\/wp\/v2\/pages\/791\/revisions\/800"}],"up":[{"embeddable":true,"href":"https:\/\/stade-poitevin-natation.fr\/index.php\/wp-json\/wp\/v2\/pages\/55"}],"wp:attachment":[{"href":"https:\/\/stade-poitevin-natation.fr\/index.php\/wp-json\/wp\/v2\/media?parent=791"}],"curies":[{"name":"wp","href":"https:\/\/api.w.org\/{rel}","templated":true}]}}